{"id":155,"date":"2022-07-10T03:25:10","date_gmt":"2022-07-10T01:25:10","guid":{"rendered":"https:\/\/qb.flixie-superserver.de\/?page_id=155"},"modified":"2022-07-11T19:16:42","modified_gmt":"2022-07-11T17:16:42","slug":"impressum","status":"publish","type":"page","link":"https:\/\/qb.flixie-superserver.de\/?page_id=155","title":{"rendered":"Impressum"},"content":{"rendered":"\n<hr class=\"wp-block-separator has-alpha-channel-opacity is-style-wide\"\/>\n\n\n\n<p style=\"font-size:0.8rem\">F\u00fcr die Inhalte dieser Webseite zeichnet sich verantwortlich im Sinne des XYZ Gesetz:<\/p>\n\n\n\n<p style=\"font-size:0.8rem\">Humboldt-Universit\u00e4t zu Berlin<br>Insitut f\u00fcr XYZ<br>Unter den Linden 6<br>10099 Berlin<br><br><a href=\"http:\/\/www.empty.link\" data-type=\"URL\" data-id=\"www.empty.link\">Webseite<\/a><\/p>\n\n\n\n<p style=\"font-size:0.8rem\">Hosted with \u2764 by Flixie, administriert durch Feli.<\/p>\n\n\n\n<p><\/p>\n","protected":false},"excerpt":{"rendered":"<p>F\u00fcr die Inhalte dieser Webseite zeichnet sich verantwortlich im Sinne des XYZ Gesetz: Humboldt-Universit\u00e4t zu BerlinInsitut f\u00fcr XYZUnter den Linden 610099 Berlin Webseite Hosted with \u2764 by Flixie, administriert durch Feli.<\/p>\n","protected":false},"author":1,"featured_media":0,"parent":0,"menu_order":0,"comment_status":"closed","ping_status":"closed","template":"page-no-separators","meta":{"footnotes":""},"class_list":["post-155","page","type-page","status-publish","hentry"],"_links":{"self":[{"href":"https:\/\/qb.flixie-superserver.de\/index.php?rest_route=\/wp\/v2\/pages\/155","targetHints":{"allow":["GET"]}}],"collection":[{"href":"https:\/\/qb.flixie-superserver.de\/index.php?rest_route=\/wp\/v2\/pages"}],"about":[{"href":"https:\/\/qb.flixie-superserver.de\/index.php?rest_route=\/wp\/v2\/types\/page"}],"author":[{"embeddable":true,"href":"https:\/\/qb.flixie-superserver.de\/index.php?rest_route=\/wp\/v2\/users\/1"}],"replies":[{"embeddable":true,"href":"https:\/\/qb.flixie-superserver.de\/index.php?rest_route=%2Fwp%2Fv2%2Fcomments&post=155"}],"version-history":[{"count":3,"href":"https:\/\/qb.flixie-superserver.de\/index.php?rest_route=\/wp\/v2\/pages\/155\/revisions"}],"predecessor-version":[{"id":200,"href":"https:\/\/qb.flixie-superserver.de\/index.php?rest_route=\/wp\/v2\/pages\/155\/revisions\/200"}],"wp:attachment":[{"href":"https:\/\/qb.flixie-superserver.de\/index.php?rest_route=%2Fwp%2Fv2%2Fmedia&parent=155"}],"curies":[{"name":"wp","href":"https:\/\/api.w.org\/{rel}","templated":true}]}}