{"id":18,"date":"2022-07-07T18:55:42","date_gmt":"2022-07-07T16:55:42","guid":{"rendered":"https:\/\/qb.flixie-superserver.de\/?page_id=18"},"modified":"2022-07-14T13:42:26","modified_gmt":"2022-07-14T11:42:26","slug":"home","status":"publish","type":"page","link":"https:\/\/qb.flixie-superserver.de\/","title":{"rendered":"Queer Berlin"},"content":{"rendered":"\n<p style=\"font-style:normal;font-weight:400\">Queer Berlin \u2013 eine interdisziplin\u00e4re Tagung, die sich mit der queeren Geschichte Berlins im 20. Jahrhundert besch\u00e4ftigt.<\/p>\n\n\n\n<p class=\"has-medium-font-size\">Magnus Hirschfeld gr\u00fcndete 1919 in Berlin das Institut f\u00fcr Sexualwissenschaften, dessen wissenschaftliche Publikationen bis heute Relevanz haben. 1933 schlossen die Nationalsozialisten das Institut. Anl\u00e4sslich dieses Jahrestages wollen wir zur\u00fcckblicken auf das Berlin dieser Zeit. Eingeladen sind alle, die Interesse haben, insbesondere Forschende aus Geschichte, Kultur- und Sozialwissenschaften, sowie queere Aktivist:innen und alle diejenigen, die das queere Berlin heute bev\u00f6lkern.<\/p>\n\n\n\n<p class=\"has-text-color\" style=\"color:#de92bdc4;font-size:0.9rem\">Organisiert durch das Institut f\u00fcr Sexualit\u00e4tsgeschichte, Humboldt-Universit\u00e4t zu Berlin. In Zusammenarbeit mit der Magnus-Hirschfeld-Stiftung und dem Schwulen Museum. Teilnahme ist kostenlos.<\/p>\n\n\n\n<p><\/p>\n\n\n\n<div class=\"wp-block-group alignfull has-text-color has-background is-layout-flow wp-block-group-is-layout-flow\" style=\"background-color:#ffffff;color:#000000;padding-top:0.5em;padding-right:0.5em;padding-bottom:0.5em;padding-left:0.5em\">\n<div style=\"height:25px\" aria-hidden=\"true\" class=\"wp-block-spacer\"><\/div>\n\n\n\n<h1 class=\"has-text-align-center has-large-font-size wp-block-heading\"><strong>INTERESSE?<\/strong><\/h1>\n\n\n\n<div class=\"wp-block-buttons is-horizontal is-content-justification-center is-layout-flex wp-container-core-buttons-is-layout-03627597 wp-block-buttons-is-layout-flex\">\n<div class=\"wp-block-button has-custom-width wp-block-button__width-50 is-style-fill\"><a class=\"wp-block-button__link has-text-color has-background\" href=\"https:\/\/qb.flixie-superserver.de\/?page_id=7\" style=\"border-radius:21px;background-color:#000000;color:#ffffff;padding-right:10px;padding-left:10px\">Melde dich an bis zum xx.xx.xxxx!<\/a><\/div>\n<\/div>\n\n\n\n<div style=\"height:29px\" aria-hidden=\"true\" class=\"wp-block-spacer\"><\/div>\n<\/div>\n","protected":false},"excerpt":{"rendered":"<p>Queer Berlin \u2013 eine interdisziplin\u00e4re Tagung, die sich mit der queeren Geschichte Berlins im 20. Jahrhundert besch\u00e4ftigt. Magnus Hirschfeld gr\u00fcndete 1919 in Berlin das Institut f\u00fcr Sexualwissenschaften, dessen wissenschaftliche Publikationen bis heute Relevanz haben. 1933 schlossen die Nationalsozialisten das Institut. Anl\u00e4sslich dieses Jahrestages wollen wir zur\u00fcckblicken auf das Berlin dieser Zeit. Eingeladen sind alle, die [&hellip;]<\/p>\n","protected":false},"author":1,"featured_media":0,"parent":0,"menu_order":0,"comment_status":"closed","ping_status":"closed","template":"","meta":{"footnotes":""},"class_list":["post-18","page","type-page","status-publish","hentry"],"_links":{"self":[{"href":"https:\/\/qb.flixie-superserver.de\/index.php?rest_route=\/wp\/v2\/pages\/18","targetHints":{"allow":["GET"]}}],"collection":[{"href":"https:\/\/qb.flixie-superserver.de\/index.php?rest_route=\/wp\/v2\/pages"}],"about":[{"href":"https:\/\/qb.flixie-superserver.de\/index.php?rest_route=\/wp\/v2\/types\/page"}],"author":[{"embeddable":true,"href":"https:\/\/qb.flixie-superserver.de\/index.php?rest_route=\/wp\/v2\/users\/1"}],"replies":[{"embeddable":true,"href":"https:\/\/qb.flixie-superserver.de\/index.php?rest_route=%2Fwp%2Fv2%2Fcomments&post=18"}],"version-history":[{"count":15,"href":"https:\/\/qb.flixie-superserver.de\/index.php?rest_route=\/wp\/v2\/pages\/18\/revisions"}],"predecessor-version":[{"id":263,"href":"https:\/\/qb.flixie-superserver.de\/index.php?rest_route=\/wp\/v2\/pages\/18\/revisions\/263"}],"wp:attachment":[{"href":"https:\/\/qb.flixie-superserver.de\/index.php?rest_route=%2Fwp%2Fv2%2Fmedia&parent=18"}],"curies":[{"name":"wp","href":"https:\/\/api.w.org\/{rel}","templated":true}]}}